{"id":14483,"date":"2019-12-14T19:49:50","date_gmt":"2019-12-14T18:49:50","guid":{"rendered":"https:\/\/u3ajavea.com\/info\/?page_id=14483"},"modified":"2025-06-04T09:05:40","modified_gmt":"2025-06-04T07:05:40","slug":"general-meeting-speakers","status":"publish","type":"page","link":"https:\/\/u3ajavea.com\/info\/general-meeting-speakers\/","title":{"rendered":"Monthly All Member Meetings &#8211; Schedule"},"content":{"rendered":"\n<p>There are two types of All Member Meetings some held on Wednesday and some on Friday mornings.<\/p>\n\n\n\n<ul class=\"wp-block-list\">\n<li><strong>General Meeting<\/strong>, <strong>last Friday morning<\/strong> <strong>in January (AGM), June and October<\/strong> &#8211; where the Committee update members on the present position regarding finances and other matters, followed by a speaker.<\/li>\n\n\n\n<li><strong>Social Meeting<\/strong>,<strong> last Wednesday morning<\/strong> &#8211; where we have either a Coffee Morning at the Social Centre or a Social Event at a venue in Javea. Details are announced near the time.<\/li>\n<\/ul>\n\n\n\n<figure class=\"wp-block-table\"><table><tbody><tr><td><strong>Day of meeting<\/strong> (see the calendar for exact date)<\/td><td><strong>Type of meeting and venue<\/strong><\/td><\/tr><tr><td>Last Friday &#8211; January<\/td><td>Annual General Meeting &#8211; Casa de Cultura, Javea<\/td><\/tr><tr><td>Last Wednesday &#8211; February<\/td><td>Coffee Morning, Social Centre, Javea<\/td><\/tr><tr><td>Last Friday &#8211; March<\/td><td>General Meeting and Speaker, Casa de Cultura, Javea<\/td><\/tr><tr><td>Last Wednesday &#8211; April<\/td><td>Social Event, details to be announced<\/td><\/tr><tr><td>Last Wednesday &#8211; May<\/td><td>Coffee Morning, Social Centre, Javea<\/td><\/tr><tr><td>Last Friday &#8211; June<\/td><td>No meeting 2025 &#8211; Celebration Social Event<\/td><\/tr><tr><td>July<\/td><td>No meeting, seasonal break<\/td><\/tr><tr><td>August <\/td><td>No meeting, seasonal break<\/td><\/tr><tr><td>Last Wednesday &#8211; September<\/td><td>Social Event, details to be announced<\/td><\/tr><tr><td>Last Friday &#8211; October<\/td><td>General Meeting and Speaker, Casa de Cultura, Javea<\/td><\/tr><tr><td>Last Wednesday &#8211; November<\/td><td>Pre-Christmas Bash, details to be announced<\/td><\/tr><tr><td>December <\/td><td>No meeting, seasonal break<\/td><\/tr><\/tbody><\/table><\/figure>\n\n\n\n<p><strong>All meetings<\/strong> are published on the Calendar along with details of where and when and what is happening. <\/p>\n\n\n\n<p>Sometimes you will need to book and others just turn up. We will send an email to tell you what is required for each occasion.<\/p>\n\n\n\n<p>If any member hears of any good speakers, please do not hesitate to get in touch with us by sending a message <a rel=\"noreferrer noopener\" href=\"https:\/\/u3ajavea.com\/info\/contact\/\" target=\"_blank\"><strong>here<\/strong><\/a><\/p>\n\n\n\n<h2 class=\"wp-block-heading\">Past Presentations<\/h2>\n\n\n\n<p>Below is a list of presentations that have been given &#8211; some by Zoom or recorded whilst being given &#8211; click &#8216;read more&#8217; on any title of interest to find a button to watch the video where one is available.<\/p>\n\n\n<div class=\"pt-cv-wrapper\"><div class=\"pt-cv-view pt-cv-grid pt-cv-colsys\" id=\"pt-cv-view-cf86c1e4g3\"><div data-id=\"pt-cv-page-1\" class=\"pt-cv-page\" data-cvc=\"1\"><div class=\"col-md-12 col-sm-12 col-xs-12 pt-cv-content-item pt-cv-2-col\"  data-pid=\"36245\"><div class='pt-cv-ifield'><a href=\"https:\/\/u3ajavea.com\/info\/u3a-javea-general-meeting\/\" class=\"_self pt-cv-href-thumbnail pt-cv-thumb-left cvplbd\" target=\"_self\" ><img loading=\"lazy\" decoding=\"async\" width=\"300\" height=\"200\" src=\"https:\/\/u3ajavea.com\/info\/wp-content\/uploads\/2024\/10\/image-1-300x200.jpeg\" class=\"pt-cv-thumbnail pull-left\" alt=\"U3A J\u00e1vea General Meeting\" srcset=\"https:\/\/u3ajavea.com\/info\/wp-content\/uploads\/2024\/10\/image-1-300x200.jpeg 300w, https:\/\/u3ajavea.com\/info\/wp-content\/uploads\/2024\/10\/image-1-1024x683.jpeg 1024w, https:\/\/u3ajavea.com\/info\/wp-content\/uploads\/2024\/10\/image-1-768x512.jpeg 768w, https:\/\/u3ajavea.com\/info\/wp-content\/uploads\/2024\/10\/image-1-391x260.jpeg 391w, https:\/\/u3ajavea.com\/info\/wp-content\/uploads\/2024\/10\/image-1-1536x1024.jpeg 1536w, https:\/\/u3ajavea.com\/info\/wp-content\/uploads\/2024\/10\/image-1-2048x1365.jpeg 2048w, https:\/\/u3ajavea.com\/info\/wp-content\/uploads\/2024\/10\/image-1-360x240.jpeg 360w, https:\/\/u3ajavea.com\/info\/wp-content\/uploads\/2024\/10\/image-1-600x400.jpeg 600w, https:\/\/u3ajavea.com\/info\/wp-content\/uploads\/2024\/10\/image-1-800x533.jpeg 800w, https:\/\/u3ajavea.com\/info\/wp-content\/uploads\/2024\/10\/image-1-1320x880.jpeg 1320w\" sizes=\"auto, (max-width: 300px) 100vw, 300px\" \/><\/a>\n<h4 class=\"pt-cv-title\"><a href=\"https:\/\/u3ajavea.com\/info\/u3a-javea-general-meeting\/\" class=\"_self cvplbd\" target=\"_self\" >U3A J\u00e1vea General Meeting<\/a><\/h4>\n<div class=\"pt-cv-content\">Claude Grealy, U3A J\u00e1vea President The U3A J\u00e1vea General Meeting was held at 10.30am on Wednesday 30th October at the Casa de Cultura in J\u00e1vea Old Town. President - Claude Grealy Sadly, the terrible news from Valencia was just starting to filter through. U3A J\u00e1vea President Claude Grealy welcomed everyone to the meeting and, in view of the unfolding tragedy, ...<br \/><div class=\"pt-cv-rmwrap\"><a href=\"https:\/\/u3ajavea.com\/info\/u3a-javea-general-meeting\/\" class=\"_self pt-cv-readmore btn btn-success cvplbd\" target=\"_self\">Read More<\/a><\/div><\/div><\/div><\/div>\n<div class=\"col-md-12 col-sm-12 col-xs-12 pt-cv-content-item pt-cv-2-col\"  data-pid=\"31990\"><div class='pt-cv-ifield'><a href=\"https:\/\/u3ajavea.com\/info\/peter-atkinsons-presentation-from-the-general-meeting\/\" class=\"_self pt-cv-href-thumbnail pt-cv-thumb-left cvplbd\" target=\"_self\" ><img loading=\"lazy\" decoding=\"async\" width=\"300\" height=\"200\" src=\"https:\/\/u3ajavea.com\/info\/wp-content\/uploads\/2024\/04\/3D4A4663-2-300x200.jpeg\" class=\"pt-cv-thumbnail pull-left\" alt=\"Peter Atkinson\u2019s Presentation from the General Meeting\" srcset=\"https:\/\/u3ajavea.com\/info\/wp-content\/uploads\/2024\/04\/3D4A4663-2-300x200.jpeg 300w, https:\/\/u3ajavea.com\/info\/wp-content\/uploads\/2024\/04\/3D4A4663-2-1024x683.jpeg 1024w, https:\/\/u3ajavea.com\/info\/wp-content\/uploads\/2024\/04\/3D4A4663-2-768x512.jpeg 768w, https:\/\/u3ajavea.com\/info\/wp-content\/uploads\/2024\/04\/3D4A4663-2-391x260.jpeg 391w, https:\/\/u3ajavea.com\/info\/wp-content\/uploads\/2024\/04\/3D4A4663-2-1536x1025.jpeg 1536w, https:\/\/u3ajavea.com\/info\/wp-content\/uploads\/2024\/04\/3D4A4663-2-360x240.jpeg 360w, https:\/\/u3ajavea.com\/info\/wp-content\/uploads\/2024\/04\/3D4A4663-2-600x400.jpeg 600w, https:\/\/u3ajavea.com\/info\/wp-content\/uploads\/2024\/04\/3D4A4663-2-800x533.jpeg 800w, https:\/\/u3ajavea.com\/info\/wp-content\/uploads\/2024\/04\/3D4A4663-2-1320x880.jpeg 1320w, https:\/\/u3ajavea.com\/info\/wp-content\/uploads\/2024\/04\/3D4A4663-2.jpeg 2048w\" sizes=\"auto, (max-width: 300px) 100vw, 300px\" \/><\/a>\n<h4 class=\"pt-cv-title\"><a href=\"https:\/\/u3ajavea.com\/info\/peter-atkinsons-presentation-from-the-general-meeting\/\" class=\"_self cvplbd\" target=\"_self\" >Peter Atkinson\u2019s Presentation from the General Meeting<\/a><\/h4>\n<div class=\"pt-cv-content\">This is a pdf version of Peter\u2019s presentation from today\u2019s meeting. Click on the map image and then again on the next page to download the presentation. This is a large file (53.3mb) so please be patient. It is not recommended that you download this file to a mobile phone. You then need to save the file to your computer ...<br \/><div class=\"pt-cv-rmwrap\"><a href=\"https:\/\/u3ajavea.com\/info\/peter-atkinsons-presentation-from-the-general-meeting\/\" class=\"_self pt-cv-readmore btn btn-success cvplbd\" target=\"_self\">Read More<\/a><\/div><\/div><\/div><\/div>\n<div class=\"col-md-12 col-sm-12 col-xs-12 pt-cv-content-item pt-cv-2-col\"  data-pid=\"29095\"><div class='pt-cv-ifield'><a href=\"https:\/\/u3ajavea.com\/info\/general-meeting-speaker-the-life-and-work-of-l-s-lowry-by-peter-atkinson\/\" class=\"_self pt-cv-href-thumbnail pt-cv-thumb-left cvplbd\" target=\"_self\" ><img loading=\"lazy\" decoding=\"async\" width=\"300\" height=\"162\" src=\"https:\/\/u3ajavea.com\/info\/wp-content\/uploads\/2022\/12\/LS-Lowry-Going-to-the-match-300x162.jpg\" class=\"pt-cv-thumbnail pull-left\" alt=\"General Meeting &amp; Speaker &#039;The Life and Work of L. S. Lowry&#039; by Peter Atkinson\" srcset=\"https:\/\/u3ajavea.com\/info\/wp-content\/uploads\/2022\/12\/LS-Lowry-Going-to-the-match-300x162.jpg 300w, https:\/\/u3ajavea.com\/info\/wp-content\/uploads\/2022\/12\/LS-Lowry-Going-to-the-match-768x415.jpg 768w, https:\/\/u3ajavea.com\/info\/wp-content\/uploads\/2022\/12\/LS-Lowry-Going-to-the-match-600x324.jpg 600w, https:\/\/u3ajavea.com\/info\/wp-content\/uploads\/2022\/12\/LS-Lowry-Going-to-the-match.jpg 855w\" sizes=\"auto, (max-width: 300px) 100vw, 300px\" \/><\/a>\n<h4 class=\"pt-cv-title\"><a href=\"https:\/\/u3ajavea.com\/info\/general-meeting-speaker-the-life-and-work-of-l-s-lowry-by-peter-atkinson\/\" class=\"_self cvplbd\" target=\"_self\" >General Meeting &amp; Speaker &#8216;The Life and Work of L. S. Lowry&#8217; by Peter Atkinson<\/a><\/h4>\n<div class=\"pt-cv-content\">Laurence Stephen Lowry (1887-1976) is the most popular British artist of the 20th Century. He isknown principally for his often-bleak portrayals of the people and townscapes of the GreaterManchester area in the 1930s, 40s and 50s, observed while he was doing his day-job as a rentcollector. The presentation will outline his interesting, strange and unusual life story and will includea ...<br \/><div class=\"pt-cv-rmwrap\"><a href=\"https:\/\/u3ajavea.com\/info\/general-meeting-speaker-the-life-and-work-of-l-s-lowry-by-peter-atkinson\/\" class=\"_self pt-cv-readmore btn btn-success cvplbd\" target=\"_self\">Read More<\/a><\/div><\/div><\/div><\/div><\/div><\/div><\/div>\t\t\t<style type=\"text\/css\" id=\"pt-cv-inline-style-da99b102yf\">#pt-cv-view-cf86c1e4g3 .pt-cv-title a, #pt-cv-view-cf86c1e4g3  .panel-title { font-weight: 600 !important; }\n#pt-cv-view-cf86c1e4g3 .pt-cv-readmore  { color: #ffffff !important; background-color: #00aeef !important; }\n#pt-cv-view-cf86c1e4g3 .pt-cv-readmore:hover  { color: #ffffff !important; background-color: #00aeef !important; }<\/style>\r\n\t\t\t\n","protected":false},"excerpt":{"rendered":"<p>There are two types of All Member Meetings some held on Wednesday and some on Friday mornings. Day of meeting (see the calendar for exact date) Type of meeting and venue Last Friday &#8211; January Annual General Meeting &#8211; Casa de Cultura, Javea Last Wednesday &#8211; February Coffee Morning, Social Centre, Javea Last Friday &#8211; [&hellip;]<\/p>\n","protected":false},"author":2,"featured_media":0,"parent":0,"menu_order":0,"comment_status":"closed","ping_status":"closed","template":"","meta":{"footnotes":""},"class_list":["post-14483","page","type-page","status-publish","hentry"],"publishpress_future_action":{"enabled":false,"date":"2026-04-11 00:56:13","action":"change-status","newStatus":"draft","terms":[],"taxonomy":"","extraData":[]},"publishpress_future_workflow_manual_trigger":{"enabledWorkflows":[]},"_links":{"self":[{"href":"https:\/\/u3ajavea.com\/info\/wp-json\/wp\/v2\/pages\/14483","targetHints":{"allow":["GET"]}}],"collection":[{"href":"https:\/\/u3ajavea.com\/info\/wp-json\/wp\/v2\/pages"}],"about":[{"href":"https:\/\/u3ajavea.com\/info\/wp-json\/wp\/v2\/types\/page"}],"author":[{"embeddable":true,"href":"https:\/\/u3ajavea.com\/info\/wp-json\/wp\/v2\/users\/2"}],"replies":[{"embeddable":true,"href":"https:\/\/u3ajavea.com\/info\/wp-json\/wp\/v2\/comments?post=14483"}],"version-history":[{"count":0,"href":"https:\/\/u3ajavea.com\/info\/wp-json\/wp\/v2\/pages\/14483\/revisions"}],"wp:attachment":[{"href":"https:\/\/u3ajavea.com\/info\/wp-json\/wp\/v2\/media?parent=14483"}],"curies":[{"name":"wp","href":"https:\/\/api.w.org\/{rel}","templated":true}]}}